{"id":120,"date":"2014-06-01T13:00:01","date_gmt":"2014-06-01T11:00:01","guid":{"rendered":"http:\/\/www.weliveourlife.at\/wetter-hstein\/wordpress\/?page_id=120"},"modified":"2021-05-16T10:44:53","modified_gmt":"2021-05-16T08:44:53","slug":"radioaktivitaet","status":"publish","type":"page","link":"https:\/\/www.weliveourlife.at\/wetter-hstein\/wordpress\/radioaktivitaet\/","title":{"rendered":"Radioaktivit\u00e4t"},"content":{"rendered":"<h2><em><strong>Messwerte aus Heidenreichstein:<\/strong><\/em><\/h2>\n<div style=\"width: 810px\" class=\"wp-caption aligncenter\"><img decoding=\"async\" loading=\"lazy\" src=\"http:\/\/radioactiveathome.org\/scripts\/graph\/draw.php?hostid=41740\" width=\"800\" height=\"200\"><p class=\"wp-caption-text\">die letzten 1000 Messwerte<\/p><\/div>\n<div style=\"width: 810px\" class=\"wp-caption aligncenter\"><img decoding=\"async\" loading=\"lazy\" class=\"size-full\" src=\"http:\/\/radioactiveathome.org\/scripts\/graph\/draw24h.php?hostid=41740\" width=\"800\" height=\"300\"><p class=\"wp-caption-text\">Messwerte der letzten 24 Stunden<\/p><\/div>\n<div style=\"width: 810px\" class=\"wp-caption aligncenter\"><img decoding=\"async\" loading=\"lazy\" class=\"size-full\" src=\"http:\/\/radioactiveathome.org\/scripts\/graph\/drawweekdotted.php?hostid=41740\" width=\"800\" height=\"300\"><p class=\"wp-caption-text\">Messwerte der letzten 7 Tage<\/p><\/div>\n<p>&nbsp;<\/p>\n<h2><em><strong>Allgemeines:<\/strong><\/em><\/h2>\n<p>Die gesamte Umgebung sind einer st\u00e4ndig ionisierenden Strahlung ausgesetzt. Die Ursache f\u00fcr diese Strahlung&nbsp;sind nat\u00fcrliche Strahlenquellen, die unabh\u00e4ngig vom Menschen entstanden sind.<\/p>\n<p>Aus dem Weltall gelangt kosmische Strahlung auf die Erde, die aufgrund der sch\u00fctzenden Lufth\u00fclle in der&nbsp;St\u00e4rke von der H\u00f6henlage abh\u00e4ngig ist. Eine weitere Strahlungsquelle sind die nat\u00fcrlichen Radionuklide in B\u00f6den und Baustoffen, die als terrestrische Strahlung bezeichnet wird.<\/p>\n<p>Diese kosmische und terrestrische Strahlungen kann als &#8222;nat\u00fcrliche&#8220; Gamma-Ortsdosisleistung (ODL)&nbsp;&nbsp;gemessen werden.<\/p>\n<h2><em><strong>Das Projekt:<\/strong><\/em><\/h2>\n<p><a href=\"http:\/\/www.wetter-heidenreichstein.at\/wp-content\/uploads\/radioaktiveathome.jpg\"><img decoding=\"async\" loading=\"lazy\" class=\"wp-image-1568 size-full alignnone\" src=\"http:\/\/www.wetter-heidenreichstein.at\/wp-content\/uploads\/radioaktiveathome.jpg\" width=\"640\" height=\"177\" srcset=\"https:\/\/www.weliveourlife.at\/wetter-hstein\/wordpress\/wp-content\/uploads\/radioaktiveathome.jpg 640w, https:\/\/www.weliveourlife.at\/wetter-hstein\/wordpress\/wp-content\/uploads\/radioaktiveathome-300x83.jpg 300w, https:\/\/www.weliveourlife.at\/wetter-hstein\/wordpress\/wp-content\/uploads\/radioaktiveathome-250x69.jpg 250w, https:\/\/www.weliveourlife.at\/wetter-hstein\/wordpress\/wp-content\/uploads\/radioaktiveathome-150x41.jpg 150w\" sizes=\"(max-width: 640px) 100vw, 640px\" \/><\/a><\/p>\n<p>Das Projekt&nbsp;<a href=\"http:\/\/radioactiveathome.org\/de\/\" target=\"_blank\" rel=\"noopener noreferrer\">radioaktive@home<\/a>&nbsp;wurde von einer polnischen Interessensgemeinschaft ins Leben gerufen und misst die aktuelle Radioaktivit\u00e4t am Computerstandort.<br \/>\nEin \u00fcber USB an den&nbsp;Rechner angeschlossener &nbsp;Sensor&nbsp;(kleines Geh\u00e4use mit Microcontroller und Geigerz\u00e4hler) misst dabei permanent die Radioaktivit\u00e4t. &nbsp;Ich habe noch die erste&nbsp;Variante bei den Polen gekauft. Mitlerweile sieht diese wieder etwas anders aus und ist leider immer wieder ausverkauft&#8230;<\/p>\n<p><a href=\"http:\/\/www.wetter-heidenreichstein.at\/wp-content\/uploads\/radioaktivit\u00e4tssensor.jpg\"><img decoding=\"async\" loading=\"lazy\" class=\"aligncenter size-full wp-image-1569\" src=\"http:\/\/www.wetter-heidenreichstein.at\/wp-content\/uploads\/radioaktivit\u00e4tssensor.jpg\" alt=\"\" width=\"654\" height=\"441\" srcset=\"https:\/\/www.weliveourlife.at\/wetter-hstein\/wordpress\/wp-content\/uploads\/radioaktivit\u00e4tssensor.jpg 654w, https:\/\/www.weliveourlife.at\/wetter-hstein\/wordpress\/wp-content\/uploads\/radioaktivit\u00e4tssensor-300x202.jpg 300w, https:\/\/www.weliveourlife.at\/wetter-hstein\/wordpress\/wp-content\/uploads\/radioaktivit\u00e4tssensor-222x150.jpg 222w, https:\/\/www.weliveourlife.at\/wetter-hstein\/wordpress\/wp-content\/uploads\/radioaktivit\u00e4tssensor-150x101.jpg 150w\" sizes=\"(max-width: 654px) 100vw, 654px\" \/><\/a><\/p>\n<p>Gesteuert wird das ganze \u00fcber die <a href=\"https:\/\/boinc.berkeley.edu\/\" target=\"_blank\" rel=\"noopener noreferrer\">BOINC-Plattform<\/a> (verteiltes Rechnen wissenschaftlicher Projekte).<br \/>\nDa die radioaktive Strahlung bekanntlich fast alle Materialen am Haus durchdringt, ist der Standort des Rechners nicht relevant.<\/p>\n<p>Die Strahlenbelastung an einem Ort ist weitgehend konstant. Kurzzeitige Erh\u00f6hungen bis zum Faktor 2 k\u00f6nnen durch Niederschl\u00e4ge (u. a. ausgewaschenes Radon am Boden), aber auch Schneefall auftreten.<\/p>\n<p>Durch die Abdeckung des Bodens mit Schnee kann es auch zu einer bleibenden Absenkung des ODL-Niveaus kommen.<br \/>\nMit einsetzendem Tauwetter steigen die ODL-Werte jedoch wieder auf ihr altes Niveau.<\/p>\n<p>Die nat\u00fcrliche ODL bewegt sich in \u00d6sterreich zwischen 70 nSv\/h und 200 nSv\/h (Nanosievert\/Stunde).<\/p>\n<p>Bei den verwendeten Daten ist die Ma\u00dfeinheit und ihr zeitlicher Bezug fast noch wichtiger als der Wert selbst!<\/p>\n<ul>\n<li>mSv\/a (<strong>M<\/strong>illi<strong>S<\/strong>ie<strong>v<\/strong>ert pro Jahr)<\/li>\n<li>\u00b5Sv\/h (<strong>M<\/strong>ikro<strong>S<\/strong>ievert pro Stunde)<\/li>\n<\/ul>\n<p>Gem\u00e4\u00df der Strahlenschutzverordnung betr\u00e4gt der Grenzwert f\u00fcr &#8222;normale&#8220; Einzelpersonen 1 mSv\/Jahr.<br \/>\nDieser Wert kann bei Strahlen exponierten Personen bis zu 20 mSv\/Jahr betragen.<\/p>\n<h2>&nbsp;<\/h2>\n<h2><em><strong>Beispiel f\u00fcr die Station Heidenreichstein:<\/strong><\/em><\/h2>\n<p>Das Jahr hat im Schnitt 8760 Stunden.<br \/>\nIn Heidenreichstein bzw. im Waldviertel haben wir von Haus aus h\u00f6here Werte durch den Granit. Im Durchschnitt sind das <strong>0,190 \u00b5Sv\/h<\/strong>.<\/p>\n<p>Das ergibt somit f\u00fcr Heidenreichstein eine j\u00e4hrliche Strahlendosis von <strong>1,665 mSv\/a<\/strong>.<\/p>\n<p>&nbsp;<\/p>\n<h2>&nbsp;<em><strong>Weiterf\u00fchrende Links:<\/strong><\/em><\/h2>\n<ul>\n<li><a href=\"http:\/\/www.umweltbundesamt.at\/umweltsituation\/kernenergie\/strahlenschutz\/sws_systemkomponenten\/\" target=\"_blank\" rel=\"noopener noreferrer\">Strahlenschutz &#8211; Umweltbundesamt<\/a><\/li>\n<li><a href=\"http:\/\/sfws.lfrz.at\/\" target=\"_blank\" rel=\"noopener noreferrer\">Karte der offiziellen Strahlenmessstellen<\/a><\/li>\n<li><a href=\"http:\/\/radioactiveathome.org\/map\/\" target=\"_blank\" rel=\"noopener noreferrer\">Karte des Projektes radioaktive@home<\/a><\/li>\n<li><a href=\"http:\/\/radioactiveathome.org\/de\/\" target=\"_blank\" rel=\"noopener noreferrer\">Projekt radioaktive@home<\/a><\/li>\n<\/ul>\n","protected":false},"excerpt":{"rendered":"<p>Messwerte aus Heidenreichstein: &nbsp; Allgemeines: Die gesamte Umgebung sind einer st\u00e4ndig ionisierenden Strahlung ausgesetzt. Die Ursache f\u00fcr diese Strahlung&nbsp;sind nat\u00fcrliche Strahlenquellen, die unabh\u00e4ngig vom Menschen entstanden sind. Aus dem Weltall gelangt kosmische Strahlung auf die Erde, die aufgrund der sch\u00fctzenden Lufth\u00fclle in der&nbsp;St\u00e4rke von der H\u00f6henlage abh\u00e4ngig ist. Eine weitere\u2026<\/p>\n<p class=\"continue-reading-button\"> <a class=\"continue-reading-link\" href=\"https:\/\/www.weliveourlife.at\/wetter-hstein\/wordpress\/radioaktivitaet\/\">Continue reading<i class=\"crycon-right-dir\"><\/i><\/a><\/p>\n","protected":false},"author":1,"featured_media":0,"parent":0,"menu_order":7,"comment_status":"closed","ping_status":"open","template":"templates\/template-onecolumn.php","meta":{"ngg_post_thumbnail":0},"_links":{"self":[{"href":"https:\/\/www.weliveourlife.at\/wetter-hstein\/wordpress\/wp-json\/wp\/v2\/pages\/120"}],"collection":[{"href":"https:\/\/www.weliveourlife.at\/wetter-hstein\/wordpress\/wp-json\/wp\/v2\/pages"}],"about":[{"href":"https:\/\/www.weliveourlife.at\/wetter-hstein\/wordpress\/wp-json\/wp\/v2\/types\/page"}],"author":[{"embeddable":true,"href":"https:\/\/www.weliveourlife.at\/wetter-hstein\/wordpress\/wp-json\/wp\/v2\/users\/1"}],"replies":[{"embeddable":true,"href":"https:\/\/www.weliveourlife.at\/wetter-hstein\/wordpress\/wp-json\/wp\/v2\/comments?post=120"}],"version-history":[{"count":26,"href":"https:\/\/www.weliveourlife.at\/wetter-hstein\/wordpress\/wp-json\/wp\/v2\/pages\/120\/revisions"}],"predecessor-version":[{"id":1837,"href":"https:\/\/www.weliveourlife.at\/wetter-hstein\/wordpress\/wp-json\/wp\/v2\/pages\/120\/revisions\/1837"}],"wp:attachment":[{"href":"https:\/\/www.weliveourlife.at\/wetter-hstein\/wordpress\/wp-json\/wp\/v2\/media?parent=120"}],"curies":[{"name":"wp","href":"https:\/\/api.w.org\/{rel}","templated":true}]}}