{"id":297,"date":"2014-06-09T13:28:34","date_gmt":"2014-06-09T11:28:34","guid":{"rendered":"http:\/\/www.weliveourlife.at\/wetter-hstein\/wordpress\/?page_id=297"},"modified":"2015-02-27T09:58:01","modified_gmt":"2015-02-27T08:58:01","slug":"standort","status":"publish","type":"page","link":"https:\/\/www.weliveourlife.at\/wetter-hstein\/wordpress\/stationsinfo\/standort\/","title":{"rendered":"Standort"},"content":{"rendered":"<p><a href=\"http:\/\/www.weliveourlife.at\/wetter-hstein\/wordpress\/wp-content\/uploads\/Pocherwehr-Herbst.jpg\"><img decoding=\"async\" loading=\"lazy\" class=\"alignleft wp-image-299 size-medium\" src=\"http:\/\/www.weliveourlife.at\/wetter-hstein\/wordpress\/wp-content\/uploads\/Pocherwehr-Herbst-300x225.jpg\" alt=\"Pocherwehr Herbst\" width=\"300\" height=\"225\" srcset=\"https:\/\/www.weliveourlife.at\/wetter-hstein\/wordpress\/wp-content\/uploads\/Pocherwehr-Herbst-300x225.jpg 300w, https:\/\/www.weliveourlife.at\/wetter-hstein\/wordpress\/wp-content\/uploads\/Pocherwehr-Herbst.jpg 800w\" sizes=\"(max-width: 300px) 100vw, 300px\" \/><\/a><\/p>\n<p>Meine private Wetterstation befindet sich am nord\u00f6stlichem Stadtrand von Heidenreichstein, direkt am Pocherwehr.<br \/>\nZu meiner Heimat und der Burg habe ich eine ganz besondere Beziehung. Ich mag das Waldviertel und ganz besonders mein Zuhause am Pocherwehr. Es liegt am Stadtrand, aber doch in Stadtn\u00e4he und somit Ideal f\u00fcr mich.<\/p>\n<p>Der Teich, gleich gegen\u00fcber unseres Hauses, sorgt immer wieder f\u00fcr sch\u00f6ne Momente. Ob es nun ein sch\u00f6ner Sonnenaufgang ist, oder ob ein bis zweimal im Jahr sp\u00e4t in der Nacht, der Mond direkt \u00fcber dem Teich aufgeht. Dieser spiegelt sich dann so richtig sch\u00f6n darin.<br \/>\nEinfach genial&#8230;<\/p>\n<p><a href=\"http:\/\/www.weliveourlife.at\/wetter-hstein\/wordpress\/wp-content\/uploads\/Burg-Totale-web.jpg\"><img decoding=\"async\" loading=\"lazy\" class=\"alignright wp-image-302 size-medium\" src=\"http:\/\/www.weliveourlife.at\/wetter-hstein\/wordpress\/wp-content\/uploads\/Burg-Totale-web-300x199.jpg\" alt=\"Burg Totale web\" width=\"300\" height=\"199\" srcset=\"https:\/\/www.weliveourlife.at\/wetter-hstein\/wordpress\/wp-content\/uploads\/Burg-Totale-web-300x199.jpg 300w, https:\/\/www.weliveourlife.at\/wetter-hstein\/wordpress\/wp-content\/uploads\/Burg-Totale-web-1024x682.jpg 1024w, https:\/\/www.weliveourlife.at\/wetter-hstein\/wordpress\/wp-content\/uploads\/Burg-Totale-web.jpg 1772w\" sizes=\"(max-width: 300px) 100vw, 300px\" \/><\/a><\/p>\n<p style=\"text-align: left;\">Auch die weitl\u00e4ufigen Wiesen und W\u00e4lder sind zu jeder Jahreszeit einen Blick wert. Ich unternehme mit meiner Frau und unseren beiden Labrador Retriever M\u00e4dels, regelm\u00e4\u00dfig Spazierg\u00e4nge. Dabei entstehen immer wieder mal sch\u00f6ne Naturaufnahmen.<\/p>\n<p style=\"text-align: left;\">Zur Wasserburg und der gr\u00e4flichen Familie Kinsky verh\u00e4lt es sich \u00e4hnlich. Einfach dadurch, da\u00df meine Eltern f\u00fcr den Betrieb gearbeitet haben, bzw. es noch tun.<br \/>\nSo bin ich schon von Kindheit an immer wieder in der Burg gewesen und habe dann auch in meiner Schulzeit in den Ferien dort gearbeitet. Da nun vor einigen Jahren meine Frau den Posten meines Vaters \u00fcbernommen hat, wird das auch noch in Zukunft so bleiben&#8230;<\/p>\n","protected":false},"excerpt":{"rendered":"<p>Meine private Wetterstation befindet sich am nord\u00f6stlichem Stadtrand von Heidenreichstein, direkt am Pocherwehr. Zu meiner Heimat und der Burg habe ich eine ganz besondere Beziehung. Ich mag das Waldviertel und ganz besonders mein Zuhause am Pocherwehr. Es liegt am Stadtrand, aber doch in Stadtn\u00e4he und somit Ideal f\u00fcr mich. Der\u2026<\/p>\n<p class=\"continue-reading-button\"> <a class=\"continue-reading-link\" href=\"https:\/\/www.weliveourlife.at\/wetter-hstein\/wordpress\/stationsinfo\/standort\/\">Continue reading<i class=\"crycon-right-dir\"><\/i><\/a><\/p>\n","protected":false},"author":1,"featured_media":0,"parent":49,"menu_order":1,"comment_status":"closed","ping_status":"open","template":"template-onecolumn.php","meta":{"ngg_post_thumbnail":0},"_links":{"self":[{"href":"https:\/\/www.weliveourlife.at\/wetter-hstein\/wordpress\/wp-json\/wp\/v2\/pages\/297"}],"collection":[{"href":"https:\/\/www.weliveourlife.at\/wetter-hstein\/wordpress\/wp-json\/wp\/v2\/pages"}],"about":[{"href":"https:\/\/www.weliveourlife.at\/wetter-hstein\/wordpress\/wp-json\/wp\/v2\/types\/page"}],"author":[{"embeddable":true,"href":"https:\/\/www.weliveourlife.at\/wetter-hstein\/wordpress\/wp-json\/wp\/v2\/users\/1"}],"replies":[{"embeddable":true,"href":"https:\/\/www.weliveourlife.at\/wetter-hstein\/wordpress\/wp-json\/wp\/v2\/comments?post=297"}],"version-history":[{"count":14,"href":"https:\/\/www.weliveourlife.at\/wetter-hstein\/wordpress\/wp-json\/wp\/v2\/pages\/297\/revisions"}],"predecessor-version":[{"id":497,"href":"https:\/\/www.weliveourlife.at\/wetter-hstein\/wordpress\/wp-json\/wp\/v2\/pages\/297\/revisions\/497"}],"up":[{"embeddable":true,"href":"https:\/\/www.weliveourlife.at\/wetter-hstein\/wordpress\/wp-json\/wp\/v2\/pages\/49"}],"wp:attachment":[{"href":"https:\/\/www.weliveourlife.at\/wetter-hstein\/wordpress\/wp-json\/wp\/v2\/media?parent=297"}],"curies":[{"name":"wp","href":"https:\/\/api.w.org\/{rel}","templated":true}]}}