{"id":316,"date":"2014-06-09T14:12:50","date_gmt":"2014-06-09T12:12:50","guid":{"rendered":"http:\/\/www.weliveourlife.at\/wetter-hstein\/wordpress\/?page_id=316"},"modified":"2015-02-27T09:58:42","modified_gmt":"2015-02-27T08:58:42","slug":"davis-wetterstation","status":"publish","type":"page","link":"https:\/\/www.weliveourlife.at\/wetter-hstein\/wordpress\/stationsinfo\/davis-wetterstation\/","title":{"rendered":"Davis Wetterstation"},"content":{"rendered":"<p>Ich habe eine Wetterstation des US Herstelles Davis in Verwendung. Da diese Wetterstation sehr pr\u00e4zise ist und auch noch erweiterbar, habe ich mich daf\u00fcr entschieden und es noch nicht bereut.<\/p>\n<p>Das Prim\u00e4rger\u00e4t ist bei mir seit April 2011 die Wetterstation Vantage Pro 2 plus wireless mit 24h Aktivbel\u00fcftung. Diese misst die Regenmenge, Temperatur, Luftfeuchtigkeit, Luftdruck, Solarstrahlung und den UV-Index in 2m H\u00f6he.<br \/>\nEigentlich w\u00fcrde sie auch noch die Windgeschwindigkeit und Windrichtung messen. Ich habe allerdings das Anemometer Transmitter Kit verbaut, da Standortbedingt keine gute Windmessung m\u00f6glich war. Mit diesem Kit habe ich die Wetterstation am Boden und das Anemometer in ca. 10 bis 11m auf dem Dach montiert.<br \/>\nSeit Mai 2014 habe ich noch eine zus\u00e4tzliche Temperatur-\/Feuchtestation in Betrieb genommen. An dieser habe ich einen Blattfeuchtesensor, zwei Temperatursensoren und einen Bodenfeuchtesensor angeschlossen. Der Blattfeuchtesensor sagt mir wann es Tau gegeben hat bzw. wann es zu regnen begonnen hat.<br \/>\nDie beiden Temperatursensoren und der Bodefeuchtesensor sind im Gew\u00e4chshaus verbaut. Die Innentemperatur auf 1m H\u00f6he und die Bodentemperatur und Feuchtigkeit auf 10cm tiefe. Mit diesen Sensoren experimentiere ich zur Zeit noch und sie werden daher erst sp\u00e4ter online gestellt.<\/p>\n<p>Nachfolgend die Beschreibung der einzelnen Komponenten und die technischen Daten:<\/p>\n<p>&nbsp;<\/p>\n<h3>Davis Vantage Pro 2 plus wireless mit Bel\u00fcftung<\/h3>\n<p>&nbsp;<\/p>\n<h5>Beschreibung:<\/h5>\n<p>Die VantagePro Funkwetterstation ist ein umfangreichen System,\u00a0 mit dem eine Vielzahl von Wetterdaten erfasst werden kann. Auf dem\u00a0 Display der Konsole k\u00f6nnen dabei bis zu 10 Wetterdaten gleichzeitig dargestellt werden. Die Konsole ist aber keinesfalls ein reines\u00a0 Anzeigeger\u00e4t, sondern ein sehr leistungsf\u00e4higer Wettercomputer. Er sammelt, speichert und berechnet Wetterkonditionen mit H\u00f6chst- und\u00a0 Tiefstwerten und kann sowohl alphanumerische als auch grafische Analysen erzeugen. Die Konsole beinhaltet eine bisher einzigartige Form der\u00a0 Wettervorhersage. Es wird nicht wie bisher \u00fcblich, nur die\u00a0 Luftdruck-Tendenz zur Vorhersage verwendet, sondern es kommt, ein aus\u00a0 den neuesten Erkenntnissen der Wetterforschung abgeleiteter Algorithmus zur Anwendung. Dabei werden alle Messwerte zur Erstellung der\u00a0 Wettervorhersage in die Berechnung einbezogen. Als Ergebnis erhalten Sie eine im Klartext formulierte Wettervorhersage, die im Display als Text ausgegeben wird.<br \/>\nDie VantagePro &#8211; Profiwetterstation ist bereits in der\u00a0 Standardversion mit Innen- Au\u00dfenthermometer, Innen- Au\u00dfenhygrometer,\u00a0 Barometer, Windgeschwindigkeits- und -richtungsmesser, Niederschlagsmengenmesser und Funkuhr ausgestattet. Viele Anzeigemodi, wie Taupunkt, Wind Chill (gef\u00fchlte Temperatur), Symbolanzeige f\u00fcr die\u00a0 Wettertendenz, verschiedene Min\/Max &#8211; Funktionen, Sonnenauf- und\u00a0 -untergangszeiten, &#8230; . \u00dcber 40 verschiedene Alarmfunktionen mit\u00a0 grafischer und Akustischer Benachrichtigung. \u00dcber 80 unterschiedliche\u00a0 grafische Auswertungsm\u00f6glichkeiten direkt \u00fcber die VantagePro-Konsole. Monitoreinheit mit gro\u00dfem Display. Funkempfang der Daten von bis zu 8 verschiedenen Funkeinheiten m\u00f6glich. Reichweite: ca. 250m, erweiterbar auf bis zu 1500m mit kabellose Repeater.<br \/>\nViele Erweiterungs- und\u00a0 Installationsmodule optional erh\u00e4ltlich, wie: Blatt- und\u00a0 Bodenfeuchtesensoren, Zusatztemperaturf\u00fchler zur Messung von Boden-,\u00a0 Luft- oder Fl\u00fcssigkeitstemperaturen, Repeater zur Erh\u00f6hung der Distanz zwischen Konsole und Senoren, Auswertesoftware und Datenlogger zur\u00a0 langfristigen Datenspeicherung, kabellose Daten\u00fcbertragung auf ein tragbares Display, zahlreiches Montagematerial, Wetterschutzgeh\u00e4use&#8230; .<br \/>\nDas plus steht in dieser Version f\u00fcr das aktiv bel\u00fcftete Bestrahlungsschutzschild sowie den UV- und Solarsensoren. Ein zus\u00e4tzliches Solarpanel betreibt einen Ventilator, der die Luft um den Temperaturf\u00fchler zirkulieren l\u00e4sst. Damit wird auch bei direkter\u00a0 Sonneneinstrahlung auf den Temperaturf\u00fchler die Temperatur richtig\u00a0 gemessen. Der Temperaturf\u00fchler muss nicht im Schatten montiert werden.<br \/>\nDie Sensor-Einheit wird mit Solarstrom betrieben und ist somit v\u00f6llig autark einsetzbar. Der Energieverbrauch ist dabei so niedrig, dass eine Stunde Sonnenlicht pro Tag gen\u00fcgt, um eine zuverl\u00e4ssige Funktion der Station zu gew\u00e4hrleisten.<\/p>\n<h5>Vantage Pro 2 Konsole:<\/h5>\n<ul>\n<li>Gro\u00dfes \u00fcbersichtliches LCD-Display: 90 x 150 mm Anzeige aller aktuellen- und aufgezeichnete Wetterkonditionen und Wettervorhersagen:<\/li>\n<li>Barometrischer Luftdruck<\/li>\n<li>Wettervorhersage<\/li>\n<li>Innen- und Au\u00dfentemperatur<\/li>\n<li>Innen- und Au\u00dfenfeuchte<\/li>\n<li>Hitze-Index<\/li>\n<li>Taupunkt<\/li>\n<li>Mondphasen<\/li>\n<li>Niederschlag f\u00fcr: Minuten, Stunden, Tage, Monate, Jahre und Regenschauer<\/li>\n<li>Gesamtniederschlag der letzten 24 Regenschauer<\/li>\n<li>Regenrate in: Minuten, Stunden, Tage und Monate<\/li>\n<li>Windrichtung und -geschwindigkeit<\/li>\n<li>Wind Chill (gef\u00fchlte Temperatur)<\/li>\n<li>Datum &amp; Uhrzeit<\/li>\n<li>Sonnenauf- und Sonnenuntergang<\/li>\n<li>Evapotranspiration f\u00fcr: Tag, Monat, Jahr<\/li>\n<li>Solarstrahlungsintensit\u00e4t<\/li>\n<li>Temperatur-Feuchte-Sonne-Wind-Index (THSW)<\/li>\n<li>UV-Dosis<\/li>\n<li>UV-Index &#8211; Grafische Anzeige zur Auswertung der Wetterdaten direkt \u00fcber die Monitoreinheit<\/li>\n<li>\u00dcber 80 unterschiedliche grafische Auswertungen m\u00f6glich \u00dcber 30 Alarmfunktionen mit akustischer und grafischer Benachrichtigung gleichzeitig einstellbar Mond- phasenanzeige \u00fcber 9 verschiedene Symbole Wettervorhersage \u00fcber Lauftext (\u00dcber 40 verschiedene Anzeigetexte verf\u00fcgbar)<\/li>\n<li>Symbolanzeige mit 5 verschiedenen Symbolen Messzyklus: 2,5 Sek. \u00dcbertragungs- frequenz: 868,35 MHz Hohe Reichweite zwischen Monitor und Funksensoren: 250m (erweiterbar durch drahtlose Repeater bis auf 1,5 km) Empfang der Daten von bis zu 8 verschiedenen Funkstationen Weiterleitung der empfangenen Wetterdaten m\u00f6glich.<\/li>\n<\/ul>\n<h5>Uhr:<\/h5>\n<ul>\n<li>Genauigkeit: Uhr: +\/- 15 Sek.\/Monat; Datum: +\/- 15 Sek.\/Monat<\/li>\n<li>Aufl\u00f6sung: Uhr: 1 Minute; Datum: 1 Tag<\/li>\n<li>Zeitanzeige: 24-Stunden- oder 12-Stunden-Anzeige<\/li>\n<li>Datumanzeige: Tag:Monat oder Monat:Tag<\/li>\n<li style=\"margin-bottom: 0px;\">Einstellbarer Uhrzeitalarm (=elektronischer Wecker)<\/li>\n<\/ul>\n<h5>Thermometer:<\/h5>\n<ul>\n<li>Temperatur f\u00fcr Innen, Au\u00dfen und Zusatzsensoren<\/li>\n<li>Messbereich: 0\u00b0 C bis +60\u00b0 C Innen; -40\u00b0 C bis +60\u00b0 C Au\u00dfen und Zusatzsensoren<\/li>\n<li>Genauigkeit: +\/- 0,5\u00b0 C<\/li>\n<li>Aufl\u00f6sung: 0,1\u00b0 C Innen und Au\u00dfen; 1\u00b0 C Zusatzsensoren<\/li>\n<li>Anzeige wahlweise in \u00b0C oder \u00b0F<\/li>\n<li>Speicher f\u00fcr Minimal- und Maximalwert \u00fcber Perioden von jeweils 1 Tag und 1 Monatmit Uhrzeit und Datum<\/li>\n<li style=\"margin-bottom: 0px;\">Einstellbarer Temperaturalarm<\/li>\n<\/ul>\n<h5>Barometer:<\/h5>\n<ul>\n<li>Barometrischer Luftdruck (-305 bis 3650 m)<\/li>\n<li>Messbereich: 880 bis 1080 hPa oder 660 bis 810 mm<\/li>\n<li>Genauigkeit: +\/-1,7 hPa oder +\/-1,3 mm<\/li>\n<li>Aufl\u00f6sung: 0,1 hPa\/mm<\/li>\n<li>Anzeige wahlweise in Zoll (IN), Millimeter Quecksilbers\u00e4ule (mm), Millibar (mbar) oder Hektopascal (hPa)<\/li>\n<li>Anzeige der Luftdrucktendenz \u00fcber Symbolanzeige (5 Stufen)<\/li>\n<li>Speicher f\u00fcr Minimal- und Maximalwert \u00fcber Perioden von jeweils 1 Tag und 1 Monat mit Uhrzeit und Datum<\/li>\n<li style=\"margin-bottom: 0px;\">Einstellbarer Alarm<\/li>\n<\/ul>\n<h5>Hygrometer:<\/h5>\n<ul>\n<li>Luftfeuchtigkeit f\u00fcr Innen, Au\u00dfen und Zusatzsensoren<\/li>\n<li>Messbereich: 10% bis 90% Innen; 0% bis 100% Au\u00dfen und Zusatzsensoren<\/li>\n<li>Genauigkeit: +\/- 5% Innen; +\/- 3% Au\u00dfen und Zusatzsensoren<\/li>\n<li>Aufl\u00f6sung: 1% Innen, Au\u00dfen und Zusatzsensoren<\/li>\n<li>Speicher f\u00fcr Minimal- und Maximalwert \u00fcber Perioden von jeweils 1 Tag und 1 Monat mit Uhrzeit und Datum<\/li>\n<li style=\"margin-bottom: 0px;\">Einstellbarer Alarm<\/li>\n<\/ul>\n<h5>Windgeschwindigkeit:<\/h5>\n<ul>\n<li>Messbereich f\u00fcr Windgeschwindigkeit 3 km\/h (1 m\/s) bis 193 km\/h (54 m\/s)<\/li>\n<li>Genauigkeit: 3 km\/h (1m\/s) oder +\/- 5 %<\/li>\n<li>Aufl\u00f6sung: 1 km\/h (0,5 m\/s)<\/li>\n<li>Anzeige wahlweise in Meilen\/Std. (mph), Meter\/Sek. (m\/s), Kilometer\/Std. (km\/h) oder Knoten (knots)<\/li>\n<li>Speicher f\u00fcr Maximalwert \u00fcber Perioden von jeweils 1 Tag, 1 Monat und 1 Jahr mit Uhrzeit und Datum<\/li>\n<li style=\"margin-bottom: 0px;\">Einstellbarer Windgeschwindigkeits-Alarm<\/li>\n<\/ul>\n<h5>Windrichtung:<\/h5>\n<ul>\n<li>Anzeige: Zahlenwert und Windrose<\/li>\n<li>Messbereich: 0 &#8211; 360\u00b0 (Zahlenwert) und 16 Segmente (Windrose)<\/li>\n<li>Genauigkeit: +\/- 7\u00b0 (Zahlenwert) und 0,3 Segment (Windrose)<\/li>\n<li>Aufl\u00f6sung: 1\u00b0 \u00fcber Zahlenwert und 22,5\u00b0 \u00fcber Windrose<\/li>\n<li style=\"margin-bottom: 0px;\">Speicher f\u00fcr die Richtung der maximal Windgeschwindigkeit und der Hauptwindrichtung \u00fcber Perioden von jeweils 1 Tag, 1 Monat und 1 Jahr mit Uhrzeit und Datu<span style=\"font-size: 14px;\">m<\/span><\/li>\n<\/ul>\n<h5>Regenmenge:<\/h5>\n<ul>\n<li>Regenindikator \u00fcber Symbolanzeige (aktiv ab 0,25 mm Niederschlag)<\/li>\n<li>Messbereich:<\/li>\n<li>&#8211; t\u00e4glich und Regenschauer: 0 bis 999,9 mm<\/li>\n<li>&#8211; monatlich und j\u00e4hrlich: 0 bis 19.999 mm<\/li>\n<li>&#8211; Regenrate: 0 bis 2540 mm\/Std.<\/li>\n<li>Genauigkeit:<\/li>\n<li>&#8211; t\u00e4glich, monatlich, j\u00e4hrlich und Regenschauer:+\/- 4%<\/li>\n<li>&#8211; Regenrate: +\/- 5%<\/li>\n<li>Aufl\u00f6sung:<\/li>\n<li>&#8211; t\u00e4glich und Regenschauer: 0,25 mm<\/li>\n<li>&#8211; monatlich, j\u00e4hrlich und Regenrate: 0,25 mm bis 1.999,9 mm<\/li>\n<li>Anzeige wahlweise in Zoll\/Stunde (In\/h) oder in Millimeter\/Stunde (mm\/h)<\/li>\n<li>Speicher f\u00fcr die Regenmenge des letzten Regenschauers und \u00fcber Perioden von jeweils 1 Tag, 1 Monat und 1 Jahr<\/li>\n<li style=\"margin-bottom: 0px;\">Einstellbarer Alarm<\/li>\n<\/ul>\n<h5>Wind-Chill (gef\u00fchlte Temperatur):<\/h5>\n<ul>\n<li>Anzeige der gef\u00fchlten Temperatur<\/li>\n<li>Messbereich: -84\u00b0 C bis 54\u00b0 C<\/li>\n<li>Genauigkeit: +\/- 2\u00b0 C<\/li>\n<li>Aufl\u00f6sung: 1\u00b0 C<\/li>\n<li>Anzeige wahlweise in \u00b0C oder \u00b0F<\/li>\n<li>Speicher f\u00fcr Minimalwert \u00fcber Perioden von jeweils 1 Stunde, 1 Tag und 1 Monat mit Uhrzeit und Datum<\/li>\n<li style=\"margin-bottom: 0px;\">Einstellbarer Windchill-Alarm<\/li>\n<\/ul>\n<h5>Taupunkt:<\/h5>\n<ul>\n<li>Messbereich: -76\u00b0 C bis 54\u00b0 C<\/li>\n<li>Genauigkeit: +\/- 1,5\u00b0 C<\/li>\n<li>Aufl\u00f6sung: 1\u00b0 C<\/li>\n<li>Anzeige wahlweise in \u00b0C oder \u00b0F<\/li>\n<li>Speicher f\u00fcr Minimal- und Maximalwert \u00fcber Perioden von jeweils 1 Tag und 1 Monat mit Uhrzeit und Datum<\/li>\n<li style=\"margin-bottom: 0px;\">Einstellbarer Taupunkt-Alarm<\/li>\n<\/ul>\n<h5>Hitzeindex:<\/h5>\n<ul>\n<li>Messbereich: -40\u00b0 C bis 57\u00b0 C<\/li>\n<li>Genauigkeit: +\/- 1,5\u00b0 C<\/li>\n<li>Aufl\u00f6sung: 1\u00b0 C<\/li>\n<li>Anzeige wahlweise in \u00b0C oder \u00b0F<\/li>\n<li>Speicher f\u00fcr Maximalwert \u00fcber Perioden von jeweils 1 Tag und 1 Monat<\/li>\n<li style=\"margin-bottom: 0px;\">Einstellbarer Alarm<\/li>\n<\/ul>\n<h5 style=\"text-align: left;\">Temperatur-Feuchte-Sonne-Wind-Index (THSW):<\/h5>\n<ul>\n<li>Messbereich: -68\u00b0 C bis 64\u00b0 C<\/li>\n<li>Genauigkeit: +\/- 2\u00b0 C<\/li>\n<li>Aufl\u00f6sung: 1\u00b0 C<\/li>\n<li>Anzeige wahlweise in \u00b0C oder \u00b0F<\/li>\n<li>Speicher f\u00fcr Maximalwert \u00fcber Perioden von jeweils 1 Tag und 1 Monat<\/li>\n<li style=\"margin-bottom: 0px;\">Einstellbarer Alarm<\/li>\n<\/ul>\n<h5>Solarstrahlung:<\/h5>\n<ul>\n<li>Messbereich: 0 bis 1600 W\/m\u00b2<\/li>\n<li>Genauigkeit: +\/- 5%<\/li>\n<li>Aufl\u00f6sung: 1 W\/m\u00b2<\/li>\n<li>Speicher f\u00fcr Maximalwert \u00fcber Perioden von jeweils 1 Tag und 1 Monat<\/li>\n<li style=\"margin-bottom: 0px;\">Einstellbarer Alarm<\/li>\n<\/ul>\n<h5>UV-Index:<\/h5>\n<ul>\n<li>Anzeige der durchschnittlichen UV-Belastung<\/li>\n<li>Messbereich: 0 bis 16 Index<\/li>\n<li>Genauigkeit: +\/- 8%<\/li>\n<li>Aufl\u00f6sung: 0,1 Index<\/li>\n<li>Speicher f\u00fcr Maximalwert der t\u00e4glichen und monatlichen UV-Strahlung<\/li>\n<li style=\"margin-bottom: 0px;\">Einstellbarer UV-Alarm<\/li>\n<\/ul>\n<h5 style=\"text-align: left;\">UV-Dosis:<\/h5>\n<ul>\n<li>Anzeige der gesamt UV-Dosis<\/li>\n<li>Messbereich: 0 bis 199 MED&#8217;s<\/li>\n<li>Genauigkeit: +\/- 8%<\/li>\n<li>Aufl\u00f6sung: 0,1 MED (bis 20 MED&#8217;s); 1 MED (\u00fcber 20 MED&#8217;s)<\/li>\n<li>Speicher f\u00fcr die st\u00fcndliche und t\u00e4glichen UV-Dosis<\/li>\n<li style=\"margin-bottom: 0px;\">Einstellbarer UV-Dosis-Alarm<\/li>\n<\/ul>\n<p>&nbsp;<\/p>\n<h3>Anemometer Transmitter Kit<\/h3>\n<p>&nbsp;<\/p>\n<h5>Beschreibung:<\/h5>\n<p>Solarbetriebener Kit f\u00fcr den Einsatz mit den drahtlosen Systemen Vantage Pro2 oder Vantage Pro2 Plus. Mit diesem Kit k\u00f6nnen Sie ein Anemometer unabh\u00e4ngig vom Niederschlagsammler bis zu 300 m entfernt von der Konsole \/ Empfangseinheit anbringen. F\u00fcr gr\u00f6\u00dfere Entfernungen m\u00fcssen ein oder mehrere drahtlose Repeater eingesetzt werden. Der Satz enth\u00e4lt den Sender in einem Wetterschutzgeh\u00e4use, eine Solartafel, eine Batterie und Befestigungselemente.<\/p>\n<p>&nbsp;<\/p>\n<h3>Station f\u00fcr Blatt-, Bodenfechte-\/Temperatursensoren<\/h3>\n<p>&nbsp;<\/p>\n<h5>Beschreibung:<\/h5>\n<p>Diese solarbetriebene Station enth\u00e4lt einen Sender und eine Batterie im Wetterschutzgeh\u00e4use.<br \/>\n2 Blattfeuchtesensoren, 4 Bodenfeuchtesensoren und 4 Temperaturf\u00fchler k\u00f6nnen an diese Funkstation angeschlossen werden. Sie wird unabh\u00e4ngig von der ISS betrieben.<br \/>\nSie ist notwendig, um Bodenfeuchte- , Blattfeuchte- oder zus\u00e4tzliche Temperatursensoren anschlie\u00dfen zu k\u00f6nnen.<\/p>\n<h5>Blattfeuchtesensor:<\/h5>\n<p>Der Leaf Wetness Sensor ist ein zus\u00e4tzlicher Blattfeuchte Sensor zur Verwendung mit Ihrer Wireless Leaf Wetness\/Temperature Station. Der Sensor erm\u00f6glicht Ihnen die Blattfeuchte in Bepflanzungen zu messen und somit den Zustand der Pflanzen zu beurteilen und die Zeitpunkte f\u00fcr die Bew\u00e4sserung optimal zu bestimmen. Zur Feststellung der Blattfeuchte-Intensit\u00e4t werden Werte von 0 &#8211; 15 ausgegeben.<\/p>\n<div class=\"paragraph\">\n<ul>\n<li>Messbereich: Werte von 1 &#8211; 15<\/li>\n<li>Aufl\u00f6sung: 1<\/li>\n<li>Messintervall: 16 sek. (max.)<\/li>\n<li>Max. Kabell\u00e4nge: 60m<\/li>\n<li>Abmessungen: 51 x 38 x 6 mm<\/li>\n<li>Gewicht: 312g<\/li>\n<li>Anschlu\u00dfkabel: 12m<\/li>\n<\/ul>\n<\/div>\n<h5>Boden- und Wasser Temperatursensor:<\/h5>\n<p>Der Multi Purpose Temperature Probe ist ein zus\u00e4tzlicher Temperatur Sensor zur Verwendung mit Ihrer Wireless Soil Moisture\/Temperature Station. Der Sensor erm\u00f6glicht Ihnen die Erfassung von Luft-, Boden- und Wassertemperatur-Messungen. Der Sensor besteht aus einem Epoxy gekapseltem Platin-Thermistor in einem Edelstahlgeh\u00e4use.<\/p>\n<div class=\"paragraph\">\n<ul>\n<li>Messbereich: -40\u00b0C bis 65\u00b0C<\/li>\n<li>Aufl\u00f6sung: 0,5\u00b0C<\/li>\n<li>Genauigkeit: 0,5\u00b0C<\/li>\n<li>Messintervall: 75 sek. (max.)<\/li>\n<li>Max. Kabell\u00e4nge: 90m<\/li>\n<li>Abmessungen: 8 x 64 mm<\/li>\n<li>Gewicht: 128 g<\/li>\n<li>Anschlu\u00dfkabel: 4,6m<\/li>\n<\/ul>\n<\/div>\n<h5>Bodenfeuchtesensor:<\/h5>\n<p>Der Soil Moisture-Sensor ist ein zus\u00e4tzlicher Bodenfeuchte-Sensor zur Verwendung mit Ihrer Wireless Soil Moisture\/Temperature Station. Der Sensor erm\u00f6glicht Ihnen die Erfassung der Boden-Feuchte an weiteren Messpunkten.<\/p>\n<ul>\n<li>Messbereich: Werte von 0 &#8211; 200<\/li>\n<li>Aufl\u00f6sung: 1<\/li>\n<li>Anschlu\u00dfkabel: 4,6m<\/li>\n<\/ul>\n","protected":false},"excerpt":{"rendered":"<p>Ich habe eine Wetterstation des US Herstelles Davis in Verwendung. Da diese Wetterstation sehr pr\u00e4zise ist und auch noch erweiterbar, habe ich mich daf\u00fcr entschieden und es noch nicht bereut. Das Prim\u00e4rger\u00e4t ist bei mir seit April 2011 die Wetterstation Vantage Pro 2 plus wireless mit 24h Aktivbel\u00fcftung. Diese misst\u2026<\/p>\n<p class=\"continue-reading-button\"> <a class=\"continue-reading-link\" href=\"https:\/\/www.weliveourlife.at\/wetter-hstein\/wordpress\/stationsinfo\/davis-wetterstation\/\">Continue reading<i class=\"crycon-right-dir\"><\/i><\/a><\/p>\n","protected":false},"author":1,"featured_media":0,"parent":49,"menu_order":2,"comment_status":"open","ping_status":"open","template":"template-onecolumn.php","meta":{"ngg_post_thumbnail":0},"_links":{"self":[{"href":"https:\/\/www.weliveourlife.at\/wetter-hstein\/wordpress\/wp-json\/wp\/v2\/pages\/316"}],"collection":[{"href":"https:\/\/www.weliveourlife.at\/wetter-hstein\/wordpress\/wp-json\/wp\/v2\/pages"}],"about":[{"href":"https:\/\/www.weliveourlife.at\/wetter-hstein\/wordpress\/wp-json\/wp\/v2\/types\/page"}],"author":[{"embeddable":true,"href":"https:\/\/www.weliveourlife.at\/wetter-hstein\/wordpress\/wp-json\/wp\/v2\/users\/1"}],"replies":[{"embeddable":true,"href":"https:\/\/www.weliveourlife.at\/wetter-hstein\/wordpress\/wp-json\/wp\/v2\/comments?post=316"}],"version-history":[{"count":24,"href":"https:\/\/www.weliveourlife.at\/wetter-hstein\/wordpress\/wp-json\/wp\/v2\/pages\/316\/revisions"}],"predecessor-version":[{"id":1246,"href":"https:\/\/www.weliveourlife.at\/wetter-hstein\/wordpress\/wp-json\/wp\/v2\/pages\/316\/revisions\/1246"}],"up":[{"embeddable":true,"href":"https:\/\/www.weliveourlife.at\/wetter-hstein\/wordpress\/wp-json\/wp\/v2\/pages\/49"}],"wp:attachment":[{"href":"https:\/\/www.weliveourlife.at\/wetter-hstein\/wordpress\/wp-json\/wp\/v2\/media?parent=316"}],"curies":[{"name":"wp","href":"https:\/\/api.w.org\/{rel}","templated":true}]}}