{"id":51,"date":"2014-05-30T23:09:31","date_gmt":"2014-05-30T21:09:31","guid":{"rendered":"http:\/\/www.weliveourlife.at\/wetter-hstein\/wordpress\/?page_id=51"},"modified":"2017-02-24T15:49:54","modified_gmt":"2017-02-24T14:49:54","slug":"blitzortung","status":"publish","type":"page","link":"https:\/\/www.weliveourlife.at\/wetter-hstein\/wordpress\/blitzortung\/","title":{"rendered":"Blitzortung"},"content":{"rendered":"<p>8<a href=\"http:\/\/www.blitzortung.org\"><img decoding=\"async\" loading=\"lazy\" class=\"aligncenter size-full wp-image-193\" src=\"http:\/\/www.weliveourlife.at\/wetter-hstein\/wordpress\/wp-content\/uploads\/Blitzortung.jpg\" alt=\"Blitzortung Banner\" width=\"640\" height=\"309\" srcset=\"https:\/\/www.weliveourlife.at\/wetter-hstein\/wordpress\/wp-content\/uploads\/Blitzortung.jpg 640w, https:\/\/www.weliveourlife.at\/wetter-hstein\/wordpress\/wp-content\/uploads\/Blitzortung-300x144.jpg 300w\" sizes=\"(max-width: 640px) 100vw, 640px\" \/><\/a><\/p>\n<p>Gewitter haben mich schon immer fasziniert. Au\u00dferdem liebe ich alles was mit Technik zu tun hat. Also warum nicht am Blitzortungsnetzwerk teilnehmen und selbst eine Blitzortungsanlage zusammenbauen&#8230;<\/p>\n<p>Bei Blitzortung.org handelt es sich um ein privates Netztwerk zur Erfassung von elektromagnetischen Signalquellen in der Atmosph\u00e4re. In diesem Fall um Blitze. Die dazu ben\u00f6tigte Hardware kann als Bausatz \u00fcber die Webseite des Netzwerks bezogen werden.<br \/>\nDieses System arbeitet auf dem TOA (= time of arrival) Prinzip. Das bedeutet, da\u00df eine Station alleine zwar ein Signal eines Blitzes empfangen kann, aber es ihr nicht m\u00f6glich ist, dessen Positionzu bestimmen.<br \/>\nWenn nun im Empfangsbereich der Station (kann mehrere 1000km entfernt sein) ein Signal empfangen wird, so werden ca. 200 bis 400 Mikrosekunden des Signals aufgezeichnet und mit einem Mikrosekunden genauen Zeitstempel des GPS Empf\u00e4ngers versehen.<br \/>\nDieses Datenpaket wird dann \u00fcber das Internet an den zentralen Server des Netzwerks gesendet. Der Server berechnet dann aus den Signalinformationen, der Zeit, den geographischen Koordinaten der Empfangsstation und den Daten anderer Stationen die Position der Blitzentladung.<br \/>\nUm die genaue Position eines Blitzes festzustellen braucht man mindestens 3 Stationen.<br \/>\nIm TOA-Blitzortungsnetzwerk ist es aber \u00fcblich, da\u00df 4 Stationen ben\u00f6tigt werden, damit das Ergebnis auch eindeutig ist.<\/p>\n<p>Ein Signal, da\u00df an den Blitzortungsserver gesendet wird sieht so aus:<br \/>\n<a href=\"http:\/\/www.weliveourlife.at\/wetter-hstein\/wordpress\/wp-content\/uploads\/signal.png\"><img decoding=\"async\" loading=\"lazy\" class=\"aligncenter wp-image-196 size-full\" src=\"http:\/\/www.weliveourlife.at\/wetter-hstein\/wordpress\/wp-content\/uploads\/signal.png\" alt=\"signal\" width=\"455\" height=\"235\" srcset=\"https:\/\/www.weliveourlife.at\/wetter-hstein\/wordpress\/wp-content\/uploads\/signal.png 455w, https:\/\/www.weliveourlife.at\/wetter-hstein\/wordpress\/wp-content\/uploads\/signal-300x154.png 300w\" sizes=\"(max-width: 455px) 100vw, 455px\" \/><\/a><\/p>\n<p><img decoding=\"async\" loading=\"lazy\" class=\"aligncenter wp-image-197 size-full\" src=\"http:\/\/www.weliveourlife.at\/wetter-hstein\/wordpress\/wp-content\/uploads\/spectrum.png\" alt=\"spectrum\" width=\"455\" height=\"235\" srcset=\"https:\/\/www.weliveourlife.at\/wetter-hstein\/wordpress\/wp-content\/uploads\/spectrum.png 455w, https:\/\/www.weliveourlife.at\/wetter-hstein\/wordpress\/wp-content\/uploads\/spectrum-300x154.png 300w\" sizes=\"(max-width: 455px) 100vw, 455px\" \/><\/p>\n<p>Ich verwende noch das alte System &#8222;GREEN&#8220;. Wie das aufgebaut ist findest Du unter <a title=\"Blitzortungstechnik\" href=\"http:\/\/www.weliveourlife.at\/wetter-hstein\/wordpress\/bilder\/blitzortungstechnik\/\">Blitzortungstechnik<\/a>.<br \/>\nSobald ich wieder etwas mehr Zeit habe, m\u00f6chte ich aber auf das neue und modernere System &#8222;RED&#8220;&nbsp; umsteigen.<\/p>\n<p>Au\u00dferdem findet Ihr unter <a title=\"myBlitzortung\" href=\"http:\/\/www.weliveourlife.at\/wetter-hstein\/wordpress\/bilder\/myblitzortung\/\">myBlitzortung<\/a> aktuelle Blitzkarten und jede Menge Daten.<\/p>\n","protected":false},"excerpt":{"rendered":"<p>8 Gewitter haben mich schon immer fasziniert. Au\u00dferdem liebe ich alles was mit Technik zu tun hat. Also warum nicht am Blitzortungsnetzwerk teilnehmen und selbst eine Blitzortungsanlage zusammenbauen&#8230; Bei Blitzortung.org handelt es sich um ein privates Netztwerk zur Erfassung von elektromagnetischen Signalquellen in der Atmosph\u00e4re. In diesem Fall um Blitze.\u2026<\/p>\n<p class=\"continue-reading-button\"> <a class=\"continue-reading-link\" href=\"https:\/\/www.weliveourlife.at\/wetter-hstein\/wordpress\/blitzortung\/\">Continue reading<i class=\"crycon-right-dir\"><\/i><\/a><\/p>\n","protected":false},"author":1,"featured_media":0,"parent":0,"menu_order":8,"comment_status":"closed","ping_status":"open","template":"template-onecolumn.php","meta":{"ngg_post_thumbnail":0},"_links":{"self":[{"href":"https:\/\/www.weliveourlife.at\/wetter-hstein\/wordpress\/wp-json\/wp\/v2\/pages\/51"}],"collection":[{"href":"https:\/\/www.weliveourlife.at\/wetter-hstein\/wordpress\/wp-json\/wp\/v2\/pages"}],"about":[{"href":"https:\/\/www.weliveourlife.at\/wetter-hstein\/wordpress\/wp-json\/wp\/v2\/types\/page"}],"author":[{"embeddable":true,"href":"https:\/\/www.weliveourlife.at\/wetter-hstein\/wordpress\/wp-json\/wp\/v2\/users\/1"}],"replies":[{"embeddable":true,"href":"https:\/\/www.weliveourlife.at\/wetter-hstein\/wordpress\/wp-json\/wp\/v2\/comments?post=51"}],"version-history":[{"count":6,"href":"https:\/\/www.weliveourlife.at\/wetter-hstein\/wordpress\/wp-json\/wp\/v2\/pages\/51\/revisions"}],"predecessor-version":[{"id":1567,"href":"https:\/\/www.weliveourlife.at\/wetter-hstein\/wordpress\/wp-json\/wp\/v2\/pages\/51\/revisions\/1567"}],"wp:attachment":[{"href":"https:\/\/www.weliveourlife.at\/wetter-hstein\/wordpress\/wp-json\/wp\/v2\/media?parent=51"}],"curies":[{"name":"wp","href":"https:\/\/api.w.org\/{rel}","templated":true}]}}