{"id":55,"date":"2014-05-30T23:10:16","date_gmt":"2014-05-30T21:10:16","guid":{"rendered":"http:\/\/www.weliveourlife.at\/wetter-hstein\/wordpress\/?page_id=55"},"modified":"2017-02-24T15:48:29","modified_gmt":"2017-02-24T14:48:29","slug":"links","status":"publish","type":"page","link":"https:\/\/www.weliveourlife.at\/wetter-hstein\/wordpress\/links\/","title":{"rendered":"Links"},"content":{"rendered":"<p>Hier m\u00f6chte ich Euch auf interessante Links und Webseiten aufmerksam machen,<br \/>\ndie ich regelm\u00e4\u00dfig besuche.<\/p>\n<p>Wenn auch Deine Seite hier angezeigt werden soll, melde Dich einfach.<\/p>\n<p style=\"text-align: center;\"><a href=\"http:\/\/www.wetter-board.de\" target=\"_blank\"><img decoding=\"async\" loading=\"lazy\" class=\"&quot;aligncenter aligncenter\" src=\"http:\/\/www.wetter-board.de\/Banner\/fruehlingheader468.jpg\" alt=\"Das Wetter-Board\" width=\"468\" height=\"52\" border=\"0\"><\/a><\/p>\n<p style=\"text-align: center;\"><a href=\"http:\/\/www.awekas.at\"><img decoding=\"async\" loading=\"lazy\" class=\"&quot;aligncenter aligncenter\" src=\"http:\/\/www.awekas.at\/images\/awekas-bm1.gif\" alt=\"www.awekas.at\" width=\"468\" height=\"60\" border=\"0\"><\/a><\/p>\n<p><a href=\"http:\/\/www.wetterstationen.info\/forum\/index.php\"><img decoding=\"async\" loading=\"lazy\" class=\"aligncenter size-full wp-image-82\" src=\"http:\/\/www.weliveourlife.at\/wetter-hstein\/wordpress\/wp-content\/uploads\/banner0.gif\" alt=\"Wetterstationen.info\" width=\"400\" height=\"70\"><\/a><\/p>\n<p><a href=\"http:\/\/www.blitzortug.org\"><img decoding=\"async\" loading=\"lazy\" class=\"aligncenter size-full wp-image-84\" src=\"http:\/\/www.weliveourlife.at\/wetter-hstein\/wordpress\/wp-content\/uploads\/Blitzortung_Banner.jpg\" alt=\"Blitzortung.org Banner\" width=\"145\" height=\"70\"><\/a><\/p>\n<p><a href=\"http:\/\/www.wetter-ybbs.at\"><img decoding=\"async\" class=\"aligncenter\" src=\"http:\/\/www.wetter-ybbs.at\/banner\/banner_a.png\" alt=\"\"><\/a><\/p>\n","protected":false},"excerpt":{"rendered":"<p>Hier m\u00f6chte ich Euch auf interessante Links und Webseiten aufmerksam machen, die ich regelm\u00e4\u00dfig besuche. Wenn auch Deine Seite hier angezeigt werden soll, melde Dich einfach.<\/p>\n<p class=\"continue-reading-button\"> <a class=\"continue-reading-link\" href=\"https:\/\/www.weliveourlife.at\/wetter-hstein\/wordpress\/links\/\">Continue reading<i class=\"crycon-right-dir\"><\/i><\/a><\/p>\n","protected":false},"author":1,"featured_media":0,"parent":0,"menu_order":10,"comment_status":"closed","ping_status":"open","template":"template-onecolumn.php","meta":{"ngg_post_thumbnail":0},"_links":{"self":[{"href":"https:\/\/www.weliveourlife.at\/wetter-hstein\/wordpress\/wp-json\/wp\/v2\/pages\/55"}],"collection":[{"href":"https:\/\/www.weliveourlife.at\/wetter-hstein\/wordpress\/wp-json\/wp\/v2\/pages"}],"about":[{"href":"https:\/\/www.weliveourlife.at\/wetter-hstein\/wordpress\/wp-json\/wp\/v2\/types\/page"}],"author":[{"embeddable":true,"href":"https:\/\/www.weliveourlife.at\/wetter-hstein\/wordpress\/wp-json\/wp\/v2\/users\/1"}],"replies":[{"embeddable":true,"href":"https:\/\/www.weliveourlife.at\/wetter-hstein\/wordpress\/wp-json\/wp\/v2\/comments?post=55"}],"version-history":[{"count":11,"href":"https:\/\/www.weliveourlife.at\/wetter-hstein\/wordpress\/wp-json\/wp\/v2\/pages\/55\/revisions"}],"predecessor-version":[{"id":1565,"href":"https:\/\/www.weliveourlife.at\/wetter-hstein\/wordpress\/wp-json\/wp\/v2\/pages\/55\/revisions\/1565"}],"wp:attachment":[{"href":"https:\/\/www.weliveourlife.at\/wetter-hstein\/wordpress\/wp-json\/wp\/v2\/media?parent=55"}],"curies":[{"name":"wp","href":"https:\/\/api.w.org\/{rel}","templated":true}]}}