{"id":57,"date":"2014-05-30T23:14:21","date_gmt":"2014-05-30T21:14:21","guid":{"rendered":"http:\/\/www.weliveourlife.at\/wetter-hstein\/wordpress\/?page_id=57"},"modified":"2022-01-26T14:21:43","modified_gmt":"2022-01-26T13:21:43","slug":"gaestebuch","status":"publish","type":"page","link":"https:\/\/www.weliveourlife.at\/wetter-hstein\/wordpress\/gaestebuch\/","title":{"rendered":"G\u00e4stebuch"},"content":{"rendered":"<h5>Ich freue mich sehr, das Du den Weg auf meine Wetterseite gefunden hast und w\u00fcrde mich \u00fcber einen G\u00e4stebucheintrag&nbsp;sehr freuen!!!<\/h5>\n","protected":false},"excerpt":{"rendered":"<p>Ich freue mich sehr, das Du den Weg auf meine Wetterseite gefunden hast und w\u00fcrde mich \u00fcber einen G\u00e4stebucheintrag&nbsp;sehr freuen!!!<\/p>\n<p class=\"continue-reading-button\"> <a class=\"continue-reading-link\" href=\"https:\/\/www.weliveourlife.at\/wetter-hstein\/wordpress\/gaestebuch\/\">Continue reading<i class=\"crycon-right-dir\"><\/i><\/a><\/p>\n","protected":false},"author":1,"featured_media":0,"parent":0,"menu_order":11,"comment_status":"open","ping_status":"closed","template":"","meta":{"ngg_post_thumbnail":0},"_links":{"self":[{"href":"https:\/\/www.weliveourlife.at\/wetter-hstein\/wordpress\/wp-json\/wp\/v2\/pages\/57"}],"collection":[{"href":"https:\/\/www.weliveourlife.at\/wetter-hstein\/wordpress\/wp-json\/wp\/v2\/pages"}],"about":[{"href":"https:\/\/www.weliveourlife.at\/wetter-hstein\/wordpress\/wp-json\/wp\/v2\/types\/page"}],"author":[{"embeddable":true,"href":"https:\/\/www.weliveourlife.at\/wetter-hstein\/wordpress\/wp-json\/wp\/v2\/users\/1"}],"replies":[{"embeddable":true,"href":"https:\/\/www.weliveourlife.at\/wetter-hstein\/wordpress\/wp-json\/wp\/v2\/comments?post=57"}],"version-history":[{"count":14,"href":"https:\/\/www.weliveourlife.at\/wetter-hstein\/wordpress\/wp-json\/wp\/v2\/pages\/57\/revisions"}],"predecessor-version":[{"id":1638,"href":"https:\/\/www.weliveourlife.at\/wetter-hstein\/wordpress\/wp-json\/wp\/v2\/pages\/57\/revisions\/1638"}],"wp:attachment":[{"href":"https:\/\/www.weliveourlife.at\/wetter-hstein\/wordpress\/wp-json\/wp\/v2\/media?parent=57"}],"curies":[{"name":"wp","href":"https:\/\/api.w.org\/{rel}","templated":true}]}}