{"id":9,"date":"2014-05-29T18:26:25","date_gmt":"2014-05-29T16:26:25","guid":{"rendered":"http:\/\/www.weliveourlife.at\/wetter-hstein\/wordpress\/?page_id=9"},"modified":"2023-01-07T15:28:51","modified_gmt":"2023-01-07T14:28:51","slug":"herzlich-willkommen-auf-meiner-wetterseite","status":"publish","type":"page","link":"https:\/\/www.weliveourlife.at\/wetter-hstein\/wordpress\/","title":{"rendered":"Willkommen auf meiner Wetterseite!"},"content":{"rendered":"<p style=\"text-align: center;\">Liebe Wetterfreunde!<\/p>\n<p style=\"text-align: center;\">Es ist an der Zeit f\u00fcr Ver\u00e4nderung und ich werde diese Seite in den kommenden Tagen schlie\u00dfen.<\/p>\n<p style=\"text-align: center;\">Aber keine Angst, sie wird bald im neuen Gewand, mit neuer aktueller Technik unter der selben URL erreichbar sein.<\/p>\n<p style=\"text-align: center;\">lg Andi<\/p>\n<p><img decoding=\"async\" loading=\"lazy\" class=\"aligncenter\" src=\"https:\/\/admin.meteobridge.com\/cam\/fc3d3ee0ec42c963ea43af8833471481\/camplus.jpg\" alt=\"\" width=\"2048\" height=\"1536\"><\/p>\n<p style=\"text-align: center;\"><a href=\"http:\/\/www.weliveourlife.at\/wetter-hstein\/wswin\/aktuell.gif\"><img decoding=\"async\" class=\"aligncenter\" src=\"http:\/\/www.weliveourlife.at\/wetter-hstein\/wswin\/aktuell.gif\"><\/a><\/p>\n<p style=\"text-align: center;\"><iframe loading=\"lazy\" title=\"CZ Niederschlagsradar\" src=\"http:\/\/portal.chmi.cz\/files\/portal\/docs\/meteo\/rad\/data_jsradview.html\" name=\"CZ Niederschlagsradar\" width=\"1100\" height=\"730\" frameborder=\"0\" scrolling=\"no\"><\/iframe><\/p>\n","protected":false},"excerpt":{"rendered":"<p>Liebe Wetterfreunde! Es ist an der Zeit f\u00fcr Ver\u00e4nderung und ich werde diese Seite in den kommenden Tagen schlie\u00dfen. Aber keine Angst, sie wird bald im neuen Gewand, mit neuer aktueller Technik unter der selben URL erreichbar sein. lg Andi<\/p>\n<p class=\"continue-reading-button\"> <a class=\"continue-reading-link\" href=\"https:\/\/www.weliveourlife.at\/wetter-hstein\/wordpress\/\">Continue reading<i class=\"crycon-right-dir\"><\/i><\/a><\/p>\n","protected":false},"author":1,"featured_media":0,"parent":0,"menu_order":0,"comment_status":"closed","ping_status":"closed","template":"templates\/template-onecolumn.php","meta":{"ngg_post_thumbnail":0},"_links":{"self":[{"href":"https:\/\/www.weliveourlife.at\/wetter-hstein\/wordpress\/wp-json\/wp\/v2\/pages\/9"}],"collection":[{"href":"https:\/\/www.weliveourlife.at\/wetter-hstein\/wordpress\/wp-json\/wp\/v2\/pages"}],"about":[{"href":"https:\/\/www.weliveourlife.at\/wetter-hstein\/wordpress\/wp-json\/wp\/v2\/types\/page"}],"author":[{"embeddable":true,"href":"https:\/\/www.weliveourlife.at\/wetter-hstein\/wordpress\/wp-json\/wp\/v2\/users\/1"}],"replies":[{"embeddable":true,"href":"https:\/\/www.weliveourlife.at\/wetter-hstein\/wordpress\/wp-json\/wp\/v2\/comments?post=9"}],"version-history":[{"count":107,"href":"https:\/\/www.weliveourlife.at\/wetter-hstein\/wordpress\/wp-json\/wp\/v2\/pages\/9\/revisions"}],"predecessor-version":[{"id":1848,"href":"https:\/\/www.weliveourlife.at\/wetter-hstein\/wordpress\/wp-json\/wp\/v2\/pages\/9\/revisions\/1848"}],"wp:attachment":[{"href":"https:\/\/www.weliveourlife.at\/wetter-hstein\/wordpress\/wp-json\/wp\/v2\/media?parent=9"}],"curies":[{"name":"wp","href":"https:\/\/api.w.org\/{rel}","templated":true}]}}